{"id":641,"date":"2022-07-20T16:44:41","date_gmt":"2022-07-20T14:44:41","guid":{"rendered":"https:\/\/www.formaservice.it\/?page_id=641"},"modified":"2026-04-29T11:19:19","modified_gmt":"2026-04-29T09:19:19","slug":"s-d-i-sistema-dimprese-s-in-di-sicurezza-innovazione-e-digitalizzazione","status":"publish","type":"page","link":"https:\/\/www.formaservice.it\/?page_id=641","title":{"rendered":"S.D.I. \u2013 Sistema d\u2019Imprese S.In.Di \u2013 Sicurezza INnovazione e DIgitalizzazione"},"content":{"rendered":"\t\t<div data-elementor-type=\"wp-page\" data-elementor-id=\"641\" class=\"elementor elementor-641\">\n\t\t\t\t\t\t<section class=\"elementor-section elementor-top-section elementor-element elementor-element-11ed8c65 elementor-section-boxed elementor-section-height-default elementor-section-height-default\" data-id=\"11ed8c65\" data-element_type=\"section\" data-e-type=\"section\">\n\t\t\t\t\t\t<div class=\"elementor-container elementor-column-gap-default\">\n\t\t\t\t\t<div class=\"elementor-column elementor-col-100 elementor-top-column elementor-element elementor-element-46d2b853\" data-id=\"46d2b853\" data-element_type=\"column\" data-e-type=\"column\">\n\t\t\t<div class=\"elementor-widget-wrap elementor-element-populated\">\n\t\t\t\t\t\t<div class=\"elementor-element elementor-element-69b16254 elementor-widget elementor-widget-text-editor\" data-id=\"69b16254\" data-element_type=\"widget\" data-e-type=\"widget\" data-widget_type=\"text-editor.default\">\n\t\t\t\t<div class=\"elementor-widget-container\">\n\t\t\t\t\t\t\t\t\t\n<p>Il Sistema d\u2019imprese S.In.Di. \u00e8 uno strumento di programmazione e gestione di attivit\u00e0 formative che Foma.Service, una delle societ\u00e0 di formazione di e-work formazione mette a disposizione dei propri clienti grazie agli avvisi di finanziamento di Fon.Ar.Com.<\/p>\n\n\n\n<p>Tramite questo strumento \u00e8 possibile realizzare interventi formativi modulari, personalizzabili e rapidamente cantierabili per tutte le aziende aderenti a Fon.Ar.Com. e che decidono di affidarsi a e-work formazione per la realizzazione dei loro interventi di aggiornamento delle competenze. <strong>La formazione offerta con questo strumento \u00e8 totalmente gratuita per ogni azienda partecipante<\/strong>. Compila il form per avere pi\u00f9 informazioni.<\/p>\n\n\n\n<p>Aderire a S.In.Di. permette di:<\/p>\n\n\n\n<ul class=\"wp-block-list\"><li>Avere totale copertura dei costi della formazione senza alcun anticipo;<\/li><li>Non doversi occupare di nessun aspetto gestionale del progetto formativo;<\/li><li>Avere possibilit\u00e0 di corsi erogati direttamente in azienda;<\/li><li>Personalizzazione della formazione grazie alla nostra consulenza gratuita.<\/li><\/ul>\n\n\n\n<p>Utilizzare S.In.Di. \u00e8 semplice:<\/p>\n\n\n\n<p>Passo 1<\/p>\n\n\n\n<p>Se non gi\u00e0 iscritta a Fon.Ar.Com. l\u2019azienda deve procedere all\u2019iscrizione al fondo che \u00e8 completamente gratuita, ecco passo per passo come fare:<\/p>\n\n\n\n<ul class=\"wp-block-list\"><li>attraverso il modello di \u201cDenuncia aziendale\u201d del flusso Uniemens Aggregato dell\u2019INPS nella sezione \u201cFondoInterprof\u201d, attivando l\u2019opzione \u201cAdesione\u201d, sar\u00e0 sufficiente seguire la seguente procedura:<ul><li>selezionare il codice REVO (per i dipendenti)<\/li><\/ul><ul><li>selezionare il codice FARC ed indicare il numero di dipendenti a tempo determinato e indeterminato<\/li><\/ul><\/li><\/ul>\n\n\n\n<p>Passo 2<\/p>\n\n\n\n<p>Scegliere S.In.Di. come Sistema di Imprese a cui aderire contattandoci direttamente oppure utilizzando lo strumento automatico di adesione che trovi in questa pagina web.<\/p>\n\n\n\n<p>Passo 3<\/p>\n\n\n\n<p>Firmare i documenti di adesione a S.In.Di. e scegliere la formazione che pi\u00f9 si adatta alle esigenze delle lavoratrici e dei lavoratori della vostra impresa.<\/p>\n\n\n\n<p>Questi alcuni degli argomenti sui quali poter strutturare la formazione.<\/p>\n\n\n\n<ul class=\"wp-block-list\"><li>Salute e sicurezza nei luoghi di lavoro;<\/li><li>Innovazione di prodotto e di processo;<\/li><li>Gestione del magazzino;<\/li><li>Transizione verde;<\/li><li>Informatica;<\/li><li>Lingue straniere;<\/li><li>Organizzazione del lavoro;<\/li><li>Comunicazione;<\/li><li>Empowerment;<\/li><li>e molto altro\u2026<\/li><\/ul>\n\n\n\n<div class=\"wp-block-buttons is-layout-flex wp-block-buttons-is-layout-flex\">\n<div class=\"wp-block-button\"><a class=\"wp-block-button__link\" href=\"https:\/\/infofarc.farcinterattivo.it\/index.php\/SDIDigitale\/home\/ntGhO3syzdUG0ctCVWSZdbp3Tqi0agxF\/Z4qRS8afiSqS7GUfUDyTAw7gHUZTGhTh8rAwQTZUWz4xVUHbcX6DTjSyQH1mKr5ct9MXJAtclFTGgS8u9fXyJ0Etyaem1ELhGXwQPAD2wpjDXktkI1VxxaSsdktMeEavhyvsS3EJ9e0ANDkFJVxj3S2GWIOBD1XoiHysChIHUEoKVkCgkSuEYKyFowP7K6PAkCqC1WnkGjiQVytBjtBsMyEZwaHJwt8QKQNLGkIEVxCUdeJsLHpwOX2u0c1fPQk\">LINK PER L&#8217;ADESIONE<\/a><\/div>\n<\/div>\n\t\t\t\t\t\t\t\t<\/div>\n\t\t\t\t<\/div>\n\t\t\t\t\t<\/div>\n\t\t<\/div>\n\t\t\t\t\t<\/div>\n\t\t<\/section>\n\t\t\t\t<\/div>\n\t\t","protected":false},"excerpt":{"rendered":"<p>Il Sistema d\u2019imprese S.In.Di. \u00e8 uno strumento di programmazione e gestione di attivit\u00e0 formative che Foma.Service, una delle societ\u00e0 di formazione di [&hellip;]<\/p>\n","protected":false},"author":4,"featured_media":0,"parent":0,"menu_order":0,"comment_status":"closed","ping_status":"closed","template":"page-templates\/page_fullwidth.php","meta":{"footnotes":""},"class_list":["post-641","page","type-page","status-publish","hentry"],"_links":{"self":[{"href":"https:\/\/www.formaservice.it\/index.php?rest_route=\/wp\/v2\/pages\/641","targetHints":{"allow":["GET"]}}],"collection":[{"href":"https:\/\/www.formaservice.it\/index.php?rest_route=\/wp\/v2\/pages"}],"about":[{"href":"https:\/\/www.formaservice.it\/index.php?rest_route=\/wp\/v2\/types\/page"}],"author":[{"embeddable":true,"href":"https:\/\/www.formaservice.it\/index.php?rest_route=\/wp\/v2\/users\/4"}],"replies":[{"embeddable":true,"href":"https:\/\/www.formaservice.it\/index.php?rest_route=%2Fwp%2Fv2%2Fcomments&post=641"}],"version-history":[{"count":7,"href":"https:\/\/www.formaservice.it\/index.php?rest_route=\/wp\/v2\/pages\/641\/revisions"}],"predecessor-version":[{"id":1301,"href":"https:\/\/www.formaservice.it\/index.php?rest_route=\/wp\/v2\/pages\/641\/revisions\/1301"}],"wp:attachment":[{"href":"https:\/\/www.formaservice.it\/index.php?rest_route=%2Fwp%2Fv2%2Fmedia&parent=641"}],"curies":[{"name":"wp","href":"https:\/\/api.w.org\/{rel}","templated":true}]}}